{"id":383,"date":"2020-02-20T13:47:53","date_gmt":"2020-02-20T13:47:53","guid":{"rendered":"https:\/\/ecodef-ihedn.fr\/liens-utiles\/"},"modified":"2020-02-20T13:49:18","modified_gmt":"2020-02-20T13:49:18","slug":"liens-utiles","status":"publish","type":"page","link":"https:\/\/ecodef-ihedn.fr\/en\/xxx-archives-xxx\/liens-utiles\/","title":{"rendered":"Useful links"},"content":{"rendered":"<h2 class=\"r\">General Secretariat for Defence and National Security (SGDSN)<\/h2>\n<p><a href=\"http:\/\/www.sgdsn.gouv.fr\">www.sgdsn.gouv.fr<\/a><\/p>\n<h2>Institute of Higher Studies in National Defence (IHEDN)<\/h2>\n<p><a href=\"http:\/\/www.ihedn.fr\/\">www.ihedn.fr<\/a><\/p>\n<h2>IHEDN Endowment Fund<\/h2>\n<p><a href=\"http:\/\/www.fdd-ihedn.fr\">www.fdd-ihedn.fr<\/a><\/p>\n<h2>Ministry of Defence<\/h2>\n<p><a href=\"http:\/\/www.defense.gouv.fr\/\">www.defense.gouv.fr<\/a><\/p>\n<h2>Patrons<\/h2>\n<p><a href=\"http:\/\/www.airbus.com\" target=\"_blank\" rel=\"noopener noreferrer\">Airbus<\/a><\/p>\n<p><a href=\"http:\/\/www.arquus-defense.com\/fr\" target=\"_blank\" rel=\"noopener noreferrer\">Arquus<\/a><\/p>\n<p><a href=\"http:\/\/www.mbda-systems.com\/\" target=\"_blank\" rel=\"noopener noreferrer\">MBDA<\/a><\/p>\n<p><a href=\"https:\/\/www.naval-group.com\/fr\/\">Naval Group<\/a><\/p>\n<p><a href=\"https:\/\/www.nexter-group.fr\/\" target=\"_blank\" rel=\"noopener noreferrer\">Nexter<\/a><\/p>\n<p><a href=\"http:\/\/www.safran-group.com\/\" target=\"_blank\" rel=\"noopener noreferrer\">Safran<\/a><\/p>\n<p><a href=\"https:\/\/www.thalesgroup.com\/fr\" target=\"_blank\" rel=\"noopener noreferrer\">Thales<\/a><\/p>\n<h2>Research institutes and centres<\/h2>\n<p><a href=\"http:\/\/www.sipri.org\/\" target=\"_blank\" rel=\"noopener noreferrer\">Stockholm International Peace Research Institute (SIPRI)<\/a><\/p>\n<p><a href=\"https:\/\/www.iiss.org\/\" target=\"_blank\" rel=\"noopener noreferrer\">International Institute for Strategic Studies (IISS)<\/a><\/p>\n<p><a href=\"http:\/\/www.ifri.org\/\" target=\"_blank\" rel=\"noopener noreferrer\">French Institute of International Relations (IFRI)<\/a><\/p>\n<p><a href=\"http:\/\/www.frstrategie.org\/\" target=\"_blank\" rel=\"noopener noreferrer\">Foundation for Strategic Research (FRS)<\/a><\/p>\n<p><a href=\"http:\/\/www.iris-france.org\/\" target=\"_blank\" rel=\"noopener noreferrer\">Institute for International and Strategic Relations (IRIS)<\/a><\/p>\n<p><a href=\"http:\/\/www.ceis.eu\/\" target=\"_blank\" rel=\"noopener noreferrer\">European Company for Strategic Intelligence (CEIS)<\/a><\/p>\n<p><a href=\"http:\/\/www.defense-realms.com\/\" target=\"_blank\" rel=\"noopener noreferrer\">Defense and its Realms<\/a><\/p>\n<p><a href=\"http:\/\/www.rand.org\/\" target=\"_blank\" rel=\"noopener noreferrer\">RAND Corporation<\/a><\/p>\n<p><a href=\"https:\/\/www.rusi.org\/\" target=\"_blank\" rel=\"noopener noreferrer\">RUSI<\/a><\/p>\n<p><a href=\"http:\/\/prio.org\/\" target=\"_blank\" rel=\"noopener noreferrer\">PRIO<\/a><\/p>\n<p><a href=\"http:\/\/www.pcr.uu.se\/research\/UCDP\/\" target=\"_blank\" rel=\"noopener noreferrer\">UCDP<\/a><\/p>\n<p><a href=\"http:\/\/www.correlatesofwar.org\/\" target=\"_blank\" rel=\"noopener noreferrer\">Correlates of war<\/a><\/p>\n<h2>Journals in Defence Economics<\/h2>\n<p><a href=\"http:\/\/www.tandfonline.com\/toc\/gdpe20\/current#.VDU_JRZahcM\" target=\"_blank\" rel=\"noopener noreferrer\">Defence and Peace Economics<\/a><\/p>\n<p><a href=\"http:\/\/www.degruyter.com\/view\/j\/peps\" target=\"_blank\" rel=\"noopener noreferrer\">Peace Economics, Peace Science and Public Policy<\/a><\/p>\n<p><a href=\"http:\/\/jpr.sagepub.com\/\" target=\"_blank\" rel=\"noopener noreferrer\">Journal of Peace Research<\/a><\/p>\n<p><a href=\"http:\/\/jcr.sagepub.com\/\" target=\"_blank\" rel=\"noopener noreferrer\">Journal of Conflict Resolution<\/a><\/p>\n<p><a href=\"http:\/\/www.epsjournal.org.uk\/index.php\/EPSJ\" target=\"_blank\" rel=\"noopener noreferrer\">The Economics of Peace and Security Journal<\/a><\/p>\n<p><a href=\"http:\/\/cmp.sagepub.com\/\" target=\"_blank\" rel=\"noopener noreferrer\">Conflict Management and Peace Science<\/a><\/p>\n<p><a href=\"http:\/\/www.defnat.com\/\" target=\"_blank\" rel=\"noopener noreferrer\">National Defence Review<\/a><\/p>","protected":false},"excerpt":{"rendered":"<p>Secr\u00e9tariat g\u00e9n\u00e9ral de la d\u00e9fense et de la s\u00e9curit\u00e9 nationale (SGDSN) www.sgdsn.gouv.fr Institut des hautes \u00e9tudes de d\u00e9fense nationale (IHEDN) www.ihedn.fr Fonds de dotation de l&rsquo;IHEDN www.fdd-ihedn.fr Minist\u00e8re des Arm\u00e9es www.defense.gouv.fr M\u00e9c\u00e8nes Airbus Arquus MBDA Naval Group Nexter Safran Thales Instituts et centres de recherche Stockholm International Peace Research Institute (SIPRI) International Institute for Strategic [&hellip;]<\/p>\n","protected":false},"author":1,"featured_media":564,"parent":398,"menu_order":0,"comment_status":"open","ping_status":"open","template":"","meta":{"footnotes":""},"class_list":["post-383","page","type-page","status-publish","has-post-thumbnail"],"yoast_head":"<!-- This site is optimized with the Yoast SEO plugin v27.4 - https:\/\/yoast.com\/product\/yoast-seo-wordpress\/ -->\n<title>Liens utiles - Chaire \u00c9conomie de d\u00e9fense - IHEDN<\/title>\n<meta name=\"robots\" content=\"index, follow, max-snippet:-1, max-image-preview:large, max-video-preview:-1\" \/>\n<link rel=\"canonical\" href=\"https:\/\/ecodef-ihedn.fr\/en\/xxx-archives-xxx\/liens-utiles\/\" \/>\n<meta property=\"og:locale\" content=\"en_GB\" \/>\n<meta property=\"og:type\" content=\"article\" \/>\n<meta property=\"og:title\" content=\"Liens utiles - Chaire \u00c9conomie de d\u00e9fense - IHEDN\" \/>\n<meta property=\"og:description\" content=\"Secr\u00e9tariat g\u00e9n\u00e9ral de la d\u00e9fense et de la s\u00e9curit\u00e9 nationale (SGDSN) www.sgdsn.gouv.fr Institut des hautes \u00e9tudes de d\u00e9fense nationale (IHEDN) www.ihedn.fr Fonds de dotation de l&rsquo;IHEDN www.fdd-ihedn.fr Minist\u00e8re des Arm\u00e9es www.defense.gouv.fr M\u00e9c\u00e8nes Airbus Arquus MBDA Naval Group Nexter Safran Thales Instituts et centres de recherche Stockholm International Peace Research Institute (SIPRI) International Institute for Strategic [&hellip;]\" \/>\n<meta property=\"og:url\" content=\"https:\/\/ecodef-ihedn.fr\/en\/xxx-archives-xxx\/liens-utiles\/\" \/>\n<meta property=\"og:site_name\" content=\"Chaire \u00c9conomie de d\u00e9fense - IHEDN\" \/>\n<meta property=\"article:modified_time\" content=\"2020-02-20T13:49:18+00:00\" \/>\n<meta property=\"og:image\" content=\"https:\/\/ecodef-ihedn.fr\/wp-content\/uploads\/2020\/02\/ecole-militaire-paris-1.jpg\" \/>\n\t<meta property=\"og:image:width\" content=\"755\" \/>\n\t<meta property=\"og:image:height\" content=\"414\" \/>\n\t<meta property=\"og:image:type\" content=\"image\/jpeg\" \/>\n<meta name=\"twitter:card\" content=\"summary_large_image\" \/>\n<meta name=\"twitter:site\" content=\"@Chaire_Ecodef\" \/>\n<meta name=\"twitter:label1\" content=\"Estimated reading time\" \/>\n\t<meta name=\"twitter:data1\" content=\"1 minute\" \/>\n<script type=\"application\/ld+json\" class=\"yoast-schema-graph\">{\"@context\":\"https:\\\/\\\/schema.org\",\"@graph\":[{\"@type\":\"WebPage\",\"@id\":\"https:\\\/\\\/ecodef-ihedn.fr\\\/xxx-archives-xxx\\\/liens-utiles\\\/\",\"url\":\"https:\\\/\\\/ecodef-ihedn.fr\\\/xxx-archives-xxx\\\/liens-utiles\\\/\",\"name\":\"Liens utiles - Chaire \u00c9conomie de d\u00e9fense - IHEDN\",\"isPartOf\":{\"@id\":\"https:\\\/\\\/ecodef-ihedn.fr\\\/#website\"},\"primaryImageOfPage\":{\"@id\":\"https:\\\/\\\/ecodef-ihedn.fr\\\/xxx-archives-xxx\\\/liens-utiles\\\/#primaryimage\"},\"image\":{\"@id\":\"https:\\\/\\\/ecodef-ihedn.fr\\\/xxx-archives-xxx\\\/liens-utiles\\\/#primaryimage\"},\"thumbnailUrl\":\"https:\\\/\\\/ecodef-ihedn.fr\\\/wp-content\\\/uploads\\\/2020\\\/02\\\/ecole-militaire-paris-1.jpg\",\"datePublished\":\"2020-02-20T13:47:53+00:00\",\"dateModified\":\"2020-02-20T13:49:18+00:00\",\"breadcrumb\":{\"@id\":\"https:\\\/\\\/ecodef-ihedn.fr\\\/xxx-archives-xxx\\\/liens-utiles\\\/#breadcrumb\"},\"inLanguage\":\"en-GB\",\"potentialAction\":[{\"@type\":\"ReadAction\",\"target\":[\"https:\\\/\\\/ecodef-ihedn.fr\\\/xxx-archives-xxx\\\/liens-utiles\\\/\"]}]},{\"@type\":\"ImageObject\",\"inLanguage\":\"en-GB\",\"@id\":\"https:\\\/\\\/ecodef-ihedn.fr\\\/xxx-archives-xxx\\\/liens-utiles\\\/#primaryimage\",\"url\":\"https:\\\/\\\/ecodef-ihedn.fr\\\/wp-content\\\/uploads\\\/2020\\\/02\\\/ecole-militaire-paris-1.jpg\",\"contentUrl\":\"https:\\\/\\\/ecodef-ihedn.fr\\\/wp-content\\\/uploads\\\/2020\\\/02\\\/ecole-militaire-paris-1.jpg\",\"width\":755,\"height\":414},{\"@type\":\"BreadcrumbList\",\"@id\":\"https:\\\/\\\/ecodef-ihedn.fr\\\/xxx-archives-xxx\\\/liens-utiles\\\/#breadcrumb\",\"itemListElement\":[{\"@type\":\"ListItem\",\"position\":1,\"name\":\"Accueil\",\"item\":\"https:\\\/\\\/ecodef-ihedn.fr\\\/\"},{\"@type\":\"ListItem\",\"position\":2,\"name\":\"xxx ARCHIVES xxx\",\"item\":\"https:\\\/\\\/ecodef-ihedn.fr\\\/xxx-archives-xxx\\\/\"},{\"@type\":\"ListItem\",\"position\":3,\"name\":\"Liens utiles\"}]},{\"@type\":\"WebSite\",\"@id\":\"https:\\\/\\\/ecodef-ihedn.fr\\\/#website\",\"url\":\"https:\\\/\\\/ecodef-ihedn.fr\\\/\",\"name\":\"Chaire \u00c9conomie de D\u00e9fense - IHEDN\",\"description\":\"Produire &amp; soutenir, f\u00e9d\u00e9rer &amp; diffuser, \u00eatre une interface\",\"publisher\":{\"@id\":\"https:\\\/\\\/ecodef-ihedn.fr\\\/#organization\"},\"potentialAction\":[{\"@type\":\"SearchAction\",\"target\":{\"@type\":\"EntryPoint\",\"urlTemplate\":\"https:\\\/\\\/ecodef-ihedn.fr\\\/?s={search_term_string}\"},\"query-input\":{\"@type\":\"PropertyValueSpecification\",\"valueRequired\":true,\"valueName\":\"search_term_string\"}}],\"inLanguage\":\"en-GB\"},{\"@type\":\"Organization\",\"@id\":\"https:\\\/\\\/ecodef-ihedn.fr\\\/#organization\",\"name\":\"Chaire \u00c9conomie de d\u00e9fense - IHEDN\",\"url\":\"https:\\\/\\\/ecodef-ihedn.fr\\\/\",\"logo\":{\"@type\":\"ImageObject\",\"inLanguage\":\"en-GB\",\"@id\":\"https:\\\/\\\/ecodef-ihedn.fr\\\/#\\\/schema\\\/logo\\\/image\\\/\",\"url\":\"https:\\\/\\\/ecodef-ihedn.fr\\\/wp-content\\\/uploads\\\/2020\\\/04\\\/logoEcodef9.jpg\",\"contentUrl\":\"https:\\\/\\\/ecodef-ihedn.fr\\\/wp-content\\\/uploads\\\/2020\\\/04\\\/logoEcodef9.jpg\",\"width\":410,\"height\":212,\"caption\":\"Chaire \u00c9conomie de d\u00e9fense - IHEDN\"},\"image\":{\"@id\":\"https:\\\/\\\/ecodef-ihedn.fr\\\/#\\\/schema\\\/logo\\\/image\\\/\"},\"sameAs\":[\"https:\\\/\\\/x.com\\\/Chaire_Ecodef\",\"https:\\\/\\\/www.linkedin.com\\\/company\\\/chaire-ecodef-ihedn\\\/\"]}]}<\/script>\n<!-- \/ Yoast SEO plugin. -->","yoast_head_json":{"title":"Liens utiles - Chaire \u00c9conomie de d\u00e9fense - IHEDN","robots":{"index":"index","follow":"follow","max-snippet":"max-snippet:-1","max-image-preview":"max-image-preview:large","max-video-preview":"max-video-preview:-1"},"canonical":"https:\/\/ecodef-ihedn.fr\/en\/xxx-archives-xxx\/liens-utiles\/","og_locale":"en_GB","og_type":"article","og_title":"Liens utiles - Chaire \u00c9conomie de d\u00e9fense - IHEDN","og_description":"Secr\u00e9tariat g\u00e9n\u00e9ral de la d\u00e9fense et de la s\u00e9curit\u00e9 nationale (SGDSN) www.sgdsn.gouv.fr Institut des hautes \u00e9tudes de d\u00e9fense nationale (IHEDN) www.ihedn.fr Fonds de dotation de l&rsquo;IHEDN www.fdd-ihedn.fr Minist\u00e8re des Arm\u00e9es www.defense.gouv.fr M\u00e9c\u00e8nes Airbus Arquus MBDA Naval Group Nexter Safran Thales Instituts et centres de recherche Stockholm International Peace Research Institute (SIPRI) International Institute for Strategic [&hellip;]","og_url":"https:\/\/ecodef-ihedn.fr\/en\/xxx-archives-xxx\/liens-utiles\/","og_site_name":"Chaire \u00c9conomie de d\u00e9fense - IHEDN","article_modified_time":"2020-02-20T13:49:18+00:00","og_image":[{"width":755,"height":414,"url":"https:\/\/ecodef-ihedn.fr\/wp-content\/uploads\/2020\/02\/ecole-militaire-paris-1.jpg","type":"image\/jpeg"}],"twitter_card":"summary_large_image","twitter_site":"@Chaire_Ecodef","twitter_misc":{"Estimated reading time":"1 minute"},"schema":{"@context":"https:\/\/schema.org","@graph":[{"@type":"WebPage","@id":"https:\/\/ecodef-ihedn.fr\/xxx-archives-xxx\/liens-utiles\/","url":"https:\/\/ecodef-ihedn.fr\/xxx-archives-xxx\/liens-utiles\/","name":"Liens utiles - Chaire \u00c9conomie de d\u00e9fense - IHEDN","isPartOf":{"@id":"https:\/\/ecodef-ihedn.fr\/#website"},"primaryImageOfPage":{"@id":"https:\/\/ecodef-ihedn.fr\/xxx-archives-xxx\/liens-utiles\/#primaryimage"},"image":{"@id":"https:\/\/ecodef-ihedn.fr\/xxx-archives-xxx\/liens-utiles\/#primaryimage"},"thumbnailUrl":"https:\/\/ecodef-ihedn.fr\/wp-content\/uploads\/2020\/02\/ecole-militaire-paris-1.jpg","datePublished":"2020-02-20T13:47:53+00:00","dateModified":"2020-02-20T13:49:18+00:00","breadcrumb":{"@id":"https:\/\/ecodef-ihedn.fr\/xxx-archives-xxx\/liens-utiles\/#breadcrumb"},"inLanguage":"en-GB","potentialAction":[{"@type":"ReadAction","target":["https:\/\/ecodef-ihedn.fr\/xxx-archives-xxx\/liens-utiles\/"]}]},{"@type":"ImageObject","inLanguage":"en-GB","@id":"https:\/\/ecodef-ihedn.fr\/xxx-archives-xxx\/liens-utiles\/#primaryimage","url":"https:\/\/ecodef-ihedn.fr\/wp-content\/uploads\/2020\/02\/ecole-militaire-paris-1.jpg","contentUrl":"https:\/\/ecodef-ihedn.fr\/wp-content\/uploads\/2020\/02\/ecole-militaire-paris-1.jpg","width":755,"height":414},{"@type":"BreadcrumbList","@id":"https:\/\/ecodef-ihedn.fr\/xxx-archives-xxx\/liens-utiles\/#breadcrumb","itemListElement":[{"@type":"ListItem","position":1,"name":"Accueil","item":"https:\/\/ecodef-ihedn.fr\/"},{"@type":"ListItem","position":2,"name":"xxx ARCHIVES xxx","item":"https:\/\/ecodef-ihedn.fr\/xxx-archives-xxx\/"},{"@type":"ListItem","position":3,"name":"Liens utiles"}]},{"@type":"WebSite","@id":"https:\/\/ecodef-ihedn.fr\/#website","url":"https:\/\/ecodef-ihedn.fr\/","name":"Chair in Defence Economics - IHEDN","description":"Produce &amp; support, federate &amp; disseminate, act as an interface","publisher":{"@id":"https:\/\/ecodef-ihedn.fr\/#organization"},"potentialAction":[{"@type":"SearchAction","target":{"@type":"EntryPoint","urlTemplate":"https:\/\/ecodef-ihedn.fr\/?s={search_term_string}"},"query-input":{"@type":"PropertyValueSpecification","valueRequired":true,"valueName":"search_term_string"}}],"inLanguage":"en-GB"},{"@type":"Organization","@id":"https:\/\/ecodef-ihedn.fr\/#organization","name":"Chair in Defence Economics - IHEDN","url":"https:\/\/ecodef-ihedn.fr\/","logo":{"@type":"ImageObject","inLanguage":"en-GB","@id":"https:\/\/ecodef-ihedn.fr\/#\/schema\/logo\/image\/","url":"https:\/\/ecodef-ihedn.fr\/wp-content\/uploads\/2020\/04\/logoEcodef9.jpg","contentUrl":"https:\/\/ecodef-ihedn.fr\/wp-content\/uploads\/2020\/04\/logoEcodef9.jpg","width":410,"height":212,"caption":"Chaire \u00c9conomie de d\u00e9fense - IHEDN"},"image":{"@id":"https:\/\/ecodef-ihedn.fr\/#\/schema\/logo\/image\/"},"sameAs":["https:\/\/x.com\/Chaire_Ecodef","https:\/\/www.linkedin.com\/company\/chaire-ecodef-ihedn\/"]}]}},"_links":{"self":[{"href":"https:\/\/ecodef-ihedn.fr\/en\/wp-json\/wp\/v2\/pages\/383","targetHints":{"allow":["GET"]}}],"collection":[{"href":"https:\/\/ecodef-ihedn.fr\/en\/wp-json\/wp\/v2\/pages"}],"about":[{"href":"https:\/\/ecodef-ihedn.fr\/en\/wp-json\/wp\/v2\/types\/page"}],"author":[{"embeddable":true,"href":"https:\/\/ecodef-ihedn.fr\/en\/wp-json\/wp\/v2\/users\/1"}],"replies":[{"embeddable":true,"href":"https:\/\/ecodef-ihedn.fr\/en\/wp-json\/wp\/v2\/comments?post=383"}],"version-history":[{"count":1,"href":"https:\/\/ecodef-ihedn.fr\/en\/wp-json\/wp\/v2\/pages\/383\/revisions"}],"predecessor-version":[{"id":411,"href":"https:\/\/ecodef-ihedn.fr\/en\/wp-json\/wp\/v2\/pages\/383\/revisions\/411"}],"up":[{"embeddable":true,"href":"https:\/\/ecodef-ihedn.fr\/en\/wp-json\/wp\/v2\/pages\/398"}],"wp:featuredmedia":[{"embeddable":true,"href":"https:\/\/ecodef-ihedn.fr\/en\/wp-json\/wp\/v2\/media\/564"}],"wp:attachment":[{"href":"https:\/\/ecodef-ihedn.fr\/en\/wp-json\/wp\/v2\/media?parent=383"}],"curies":[{"name":"wp","href":"https:\/\/api.w.org\/{rel}","templated":true}]}}